{"id":699,"date":"2023-08-16T15:04:32","date_gmt":"2023-08-16T15:04:32","guid":{"rendered":"http:\/\/www.wannagotravel.com\/?page_id=699"},"modified":"2023-08-27T13:37:55","modified_gmt":"2023-08-27T13:37:55","slug":"tours","status":"publish","type":"page","link":"https:\/\/www.wannagotravel.com\/?page_id=699","title":{"rendered":"Wanna GO TOURS"},"content":{"rendered":"<div class=\"wp-block-themeisle-blocks-posts-grid\" id=\"wp-block-themeisle-blocks-posts-grid-2886abcc\"><div class=\"is-grid o-posts-grid-columns-3\"><div class=\"o-posts-grid-post-blog o-posts-grid-post-plain\"><div class=\"o-posts-grid-post\"><div class=\"o-posts-grid-post-image\"><a href=\"https:\/\/www.wannagotravel.com\/?p=988\"><img fetchpriority=\"high\" decoding=\"async\" width=\"1140\" height=\"410\" src=\"https:\/\/www.wannagotravel.com\/wp-content\/uploads\/2025\/10\/anitkabir.png\" class=\"attachment-full size-full\" alt=\"G\u00fcn\u00fcbirlik Ankara Turu\" srcset=\"https:\/\/www.wannagotravel.com\/wp-content\/uploads\/2025\/10\/anitkabir.png 1140w, https:\/\/www.wannagotravel.com\/wp-content\/uploads\/2025\/10\/anitkabir-300x108.png 300w, https:\/\/www.wannagotravel.com\/wp-content\/uploads\/2025\/10\/anitkabir-1024x368.png 1024w, https:\/\/www.wannagotravel.com\/wp-content\/uploads\/2025\/10\/anitkabir-768x276.png 768w\" sizes=\"(max-width: 1140px) 100vw, 1140px\" \/><\/a><\/div><div class=\"o-posts-grid-post-body\"><h4 class=\"o-posts-grid-post-title\"><a href=\"https:\/\/www.wannagotravel.com\/?p=988\">G\u00fcn\u00fcbirlik Ankara Turu<\/a><\/h4><div class=\"o-posts-grid-post-description\"><p>1. G\u00fcn: ANITKAB\u0130R &#8211; 1. MECL\u0130S &#8211; 2. MECL\u0130S &#8211; KURTULU\u015e SAVA\u015eI M\u00dcZES\u0130 &#8211; ANKARA \u2026<\/p><\/div><\/div><\/div><\/div><div class=\"o-posts-grid-post-blog o-posts-grid-post-plain\"><div class=\"o-posts-grid-post\"><div class=\"o-posts-grid-post-image\"><a href=\"https:\/\/www.wannagotravel.com\/?p=982\"><img decoding=\"async\" width=\"800\" height=\"500\" src=\"https:\/\/www.wannagotravel.com\/wp-content\/uploads\/2025\/10\/conkbayagrag-canakkale.jpg\" class=\"attachment-full size-full\" alt=\"G\u00fcn\u00fcbirlik \u00c7anakkale Turu\" srcset=\"https:\/\/www.wannagotravel.com\/wp-content\/uploads\/2025\/10\/conkbayagrag-canakkale.jpg 800w, https:\/\/www.wannagotravel.com\/wp-content\/uploads\/2025\/10\/conkbayagrag-canakkale-300x188.jpg 300w, https:\/\/www.wannagotravel.com\/wp-content\/uploads\/2025\/10\/conkbayagrag-canakkale-768x480.jpg 768w\" sizes=\"(max-width: 800px) 100vw, 800px\" \/><\/a><\/div><div class=\"o-posts-grid-post-body\"><h4 class=\"o-posts-grid-post-title\"><a href=\"https:\/\/www.wannagotravel.com\/?p=982\">G\u00fcn\u00fcbirlik \u00c7anakkale Turu<\/a><\/h4><div class=\"o-posts-grid-post-description\"><p>1. G\u00fcn: 57. ALAY \u015eEH\u0130TL\u0130\u011e\u0130 &#8211; SAYGI ANITI &#8211; CONK BAYIRI &#8211; KANLI SIRT &#8211; RUMEL\u0130\u2026<\/p><\/div><\/div><\/div><\/div><div class=\"o-posts-grid-post-blog o-posts-grid-post-plain\"><div class=\"o-posts-grid-post\"><div class=\"o-posts-grid-post-image\"><a href=\"https:\/\/www.wannagotravel.com\/?p=666\"><img decoding=\"async\" width=\"650\" height=\"800\" src=\"https:\/\/www.wannagotravel.com\/wp-content\/uploads\/2023\/08\/71.jpg\" class=\"attachment-full size-full\" alt=\"Trabzon and Uzungol Tour\" srcset=\"https:\/\/www.wannagotravel.com\/wp-content\/uploads\/2023\/08\/71.jpg 650w, https:\/\/www.wannagotravel.com\/wp-content\/uploads\/2023\/08\/71-244x300.jpg 244w\" sizes=\"(max-width: 650px) 100vw, 650px\" \/><\/a><\/div><div class=\"o-posts-grid-post-body\"><h4 class=\"o-posts-grid-post-title\"><a href=\"https:\/\/www.wannagotravel.com\/?p=666\">Trabzon and Uzungol Tour<\/a><\/h4><div class=\"o-posts-grid-post-description\"><p><\/p><\/div><\/div><\/div><\/div><div class=\"o-posts-grid-post-blog o-posts-grid-post-plain\"><div class=\"o-posts-grid-post\"><div class=\"o-posts-grid-post-image\"><a href=\"https:\/\/www.wannagotravel.com\/?p=657\"><img loading=\"lazy\" decoding=\"async\" width=\"650\" height=\"800\" src=\"https:\/\/www.wannagotravel.com\/wp-content\/uploads\/2023\/08\/62.jpg\" class=\"attachment-full size-full\" alt=\"Pamukkale TOURS\" srcset=\"https:\/\/www.wannagotravel.com\/wp-content\/uploads\/2023\/08\/62.jpg 650w, https:\/\/www.wannagotravel.com\/wp-content\/uploads\/2023\/08\/62-244x300.jpg 244w\" sizes=\"(max-width: 650px) 100vw, 650px\" \/><\/a><\/div><div class=\"o-posts-grid-post-body\"><h4 class=\"o-posts-grid-post-title\"><a href=\"https:\/\/www.wannagotravel.com\/?p=657\">Pamukkale TOURS<\/a><\/h4><div class=\"o-posts-grid-post-description\"><p><\/p><\/div><\/div><\/div><\/div><div class=\"o-posts-grid-post-blog o-posts-grid-post-plain\"><div class=\"o-posts-grid-post\"><div class=\"o-posts-grid-post-image\"><a href=\"https:\/\/www.wannagotravel.com\/?p=650\"><img loading=\"lazy\" decoding=\"async\" width=\"650\" height=\"800\" src=\"https:\/\/www.wannagotravel.com\/wp-content\/uploads\/2023\/08\/61.jpg\" class=\"attachment-full size-full\" alt=\"BOSPHORUS DINNER CRUISE\" srcset=\"https:\/\/www.wannagotravel.com\/wp-content\/uploads\/2023\/08\/61.jpg 650w, https:\/\/www.wannagotravel.com\/wp-content\/uploads\/2023\/08\/61-244x300.jpg 244w\" sizes=\"(max-width: 650px) 100vw, 650px\" \/><\/a><\/div><div class=\"o-posts-grid-post-body\"><h4 class=\"o-posts-grid-post-title\"><a href=\"https:\/\/www.wannagotravel.com\/?p=650\">BOSPHORUS DINNER CRUISE<\/a><\/h4><div class=\"o-posts-grid-post-description\"><p><\/p><\/div><\/div><\/div><\/div><div class=\"o-posts-grid-post-blog o-posts-grid-post-plain\"><div class=\"o-posts-grid-post\"><div class=\"o-posts-grid-post-image\"><a href=\"https:\/\/www.wannagotravel.com\/?p=629\"><img loading=\"lazy\" decoding=\"async\" width=\"650\" height=\"800\" src=\"https:\/\/www.wannagotravel.com\/wp-content\/uploads\/2023\/08\/47.jpg\" class=\"attachment-full size-full\" alt=\"BOSPHORUS TOURS\" srcset=\"https:\/\/www.wannagotravel.com\/wp-content\/uploads\/2023\/08\/47.jpg 650w, https:\/\/www.wannagotravel.com\/wp-content\/uploads\/2023\/08\/47-244x300.jpg 244w\" sizes=\"(max-width: 650px) 100vw, 650px\" \/><\/a><\/div><div class=\"o-posts-grid-post-body\"><h4 class=\"o-posts-grid-post-title\"><a href=\"https:\/\/www.wannagotravel.com\/?p=629\">BOSPHORUS TOURS<\/a><\/h4><div class=\"o-posts-grid-post-description\"><p><\/p><\/div><\/div><\/div><\/div><div class=\"o-posts-grid-post-blog o-posts-grid-post-plain\"><div class=\"o-posts-grid-post\"><div class=\"o-posts-grid-post-image\"><a href=\"https:\/\/www.wannagotravel.com\/?p=603\"><img loading=\"lazy\" decoding=\"async\" width=\"650\" height=\"800\" src=\"https:\/\/www.wannagotravel.com\/wp-content\/uploads\/2023\/08\/29.jpg\" class=\"attachment-full size-full\" alt=\"ISTANBUL OLD CITY TOUR\" srcset=\"https:\/\/www.wannagotravel.com\/wp-content\/uploads\/2023\/08\/29.jpg 650w, https:\/\/www.wannagotravel.com\/wp-content\/uploads\/2023\/08\/29-244x300.jpg 244w\" sizes=\"(max-width: 650px) 100vw, 650px\" \/><\/a><\/div><div class=\"o-posts-grid-post-body\"><h4 class=\"o-posts-grid-post-title\"><a href=\"https:\/\/www.wannagotravel.com\/?p=603\">ISTANBUL OLD CITY TOUR<\/a><\/h4><div class=\"o-posts-grid-post-description\"><p><\/p><\/div><\/div><\/div><\/div><div class=\"o-posts-grid-post-blog o-posts-grid-post-plain\"><div class=\"o-posts-grid-post\"><div class=\"o-posts-grid-post-image\"><a href=\"https:\/\/www.wannagotravel.com\/?p=564\"><img loading=\"lazy\" decoding=\"async\" width=\"650\" height=\"800\" src=\"https:\/\/www.wannagotravel.com\/wp-content\/uploads\/2023\/08\/17.jpg\" class=\"attachment-full size-full\" alt=\"CAPPADOCIA Tour\" srcset=\"https:\/\/www.wannagotravel.com\/wp-content\/uploads\/2023\/08\/17.jpg 650w, https:\/\/www.wannagotravel.com\/wp-content\/uploads\/2023\/08\/17-244x300.jpg 244w\" sizes=\"(max-width: 650px) 100vw, 650px\" \/><\/a><\/div><div class=\"o-posts-grid-post-body\"><h4 class=\"o-posts-grid-post-title\"><a href=\"https:\/\/www.wannagotravel.com\/?p=564\">CAPPADOCIA Tour<\/a><\/h4><div class=\"o-posts-grid-post-description\"><p><\/p><\/div><\/div><\/div><\/div><div class=\"o-posts-grid-post-blog o-posts-grid-post-plain\"><div class=\"o-posts-grid-post\"><div class=\"o-posts-grid-post-image\"><a href=\"https:\/\/www.wannagotravel.com\/?p=554\"><img loading=\"lazy\" decoding=\"async\" width=\"650\" height=\"800\" src=\"https:\/\/www.wannagotravel.com\/wp-content\/uploads\/2023\/08\/princess-island.jpg\" class=\"attachment-full size-full\" alt=\"Princesses Islands TOUR\" srcset=\"https:\/\/www.wannagotravel.com\/wp-content\/uploads\/2023\/08\/princess-island.jpg 650w, https:\/\/www.wannagotravel.com\/wp-content\/uploads\/2023\/08\/princess-island-244x300.jpg 244w\" sizes=\"(max-width: 650px) 100vw, 650px\" \/><\/a><\/div><div class=\"o-posts-grid-post-body\"><h4 class=\"o-posts-grid-post-title\"><a href=\"https:\/\/www.wannagotravel.com\/?p=554\">Princesses Islands TOUR<\/a><\/h4><div class=\"o-posts-grid-post-description\"><p><\/p><\/div><\/div><\/div><\/div><div class=\"o-posts-grid-post-blog o-posts-grid-post-plain\"><div class=\"o-posts-grid-post\"><div class=\"o-posts-grid-post-image\"><a href=\"https:\/\/www.wannagotravel.com\/?p=544\"><img loading=\"lazy\" decoding=\"async\" width=\"650\" height=\"800\" src=\"https:\/\/www.wannagotravel.com\/wp-content\/uploads\/2023\/08\/11.jpg\" class=\"attachment-full size-full\" alt=\"BURSA Tours\" srcset=\"https:\/\/www.wannagotravel.com\/wp-content\/uploads\/2023\/08\/11.jpg 650w, https:\/\/www.wannagotravel.com\/wp-content\/uploads\/2023\/08\/11-244x300.jpg 244w\" sizes=\"(max-width: 650px) 100vw, 650px\" \/><\/a><\/div><div class=\"o-posts-grid-post-body\"><h4 class=\"o-posts-grid-post-title\"><a href=\"https:\/\/www.wannagotravel.com\/?p=544\">BURSA Tours<\/a><\/h4><div class=\"o-posts-grid-post-description\"><p><\/p><\/div><\/div><\/div><\/div><div class=\"o-posts-grid-post-blog o-posts-grid-post-plain\"><div class=\"o-posts-grid-post\"><div class=\"o-posts-grid-post-image\"><a href=\"https:\/\/www.wannagotravel.com\/?p=375\"><img loading=\"lazy\" decoding=\"async\" width=\"650\" height=\"800\" src=\"https:\/\/www.wannagotravel.com\/wp-content\/uploads\/2022\/08\/posts-pic.jpg\" class=\"attachment-full size-full\" alt=\"Sapanca and Mashoukiye TOUR\" srcset=\"https:\/\/www.wannagotravel.com\/wp-content\/uploads\/2022\/08\/posts-pic.jpg 650w, https:\/\/www.wannagotravel.com\/wp-content\/uploads\/2022\/08\/posts-pic-244x300.jpg 244w\" sizes=\"(max-width: 650px) 100vw, 650px\" \/><\/a><\/div><div class=\"o-posts-grid-post-body\"><h4 class=\"o-posts-grid-post-title\"><a href=\"https:\/\/www.wannagotravel.com\/?p=375\">Sapanca and Mashoukiye TOUR<\/a><\/h4><div class=\"o-posts-grid-post-description\"><p><\/p><\/div><\/div><\/div><\/div><\/div> <\/div>","protected":false},"excerpt":{"rendered":"","protected":false},"author":1,"featured_media":0,"parent":0,"menu_order":0,"comment_status":"closed","ping_status":"closed","template":"","meta":{"neve_meta_sidebar":"","neve_meta_container":"","neve_meta_enable_content_width":"","neve_meta_content_width":0,"neve_meta_title_alignment":"","neve_meta_author_avatar":"","neve_post_elements_order":"","neve_meta_disable_header":"","neve_meta_disable_footer":"","neve_meta_disable_title":"","_themeisle_gutenberg_block_has_review":false,"footnotes":""},"class_list":["post-699","page","type-page","status-publish","hentry"],"aioseo_notices":[],"_links":{"self":[{"href":"https:\/\/www.wannagotravel.com\/index.php?rest_route=\/wp\/v2\/pages\/699","targetHints":{"allow":["GET"]}}],"collection":[{"href":"https:\/\/www.wannagotravel.com\/index.php?rest_route=\/wp\/v2\/pages"}],"about":[{"href":"https:\/\/www.wannagotravel.com\/index.php?rest_route=\/wp\/v2\/types\/page"}],"author":[{"embeddable":true,"href":"https:\/\/www.wannagotravel.com\/index.php?rest_route=\/wp\/v2\/users\/1"}],"replies":[{"embeddable":true,"href":"https:\/\/www.wannagotravel.com\/index.php?rest_route=%2Fwp%2Fv2%2Fcomments&post=699"}],"version-history":[{"count":3,"href":"https:\/\/www.wannagotravel.com\/index.php?rest_route=\/wp\/v2\/pages\/699\/revisions"}],"predecessor-version":[{"id":910,"href":"https:\/\/www.wannagotravel.com\/index.php?rest_route=\/wp\/v2\/pages\/699\/revisions\/910"}],"wp:attachment":[{"href":"https:\/\/www.wannagotravel.com\/index.php?rest_route=%2Fwp%2Fv2%2Fmedia&parent=699"}],"curies":[{"name":"wp","href":"https:\/\/api.w.org\/{rel}","templated":true}]}}