{"id":75,"date":"2020-01-27T08:29:32","date_gmt":"2020-01-27T08:29:32","guid":{"rendered":"https:\/\/demosites.io\/web-agency-gb\/?page_id=75"},"modified":"2025-10-12T11:03:39","modified_gmt":"2025-10-12T11:03:39","slug":"15c42-web-agency-gb-contact-us","status":"publish","type":"page","link":"https:\/\/www.wannagotravel.com\/?page_id=75","title":{"rendered":"Contact Us"},"content":{"rendered":"\n<div class=\"wp-block-cover alignfull\" style=\"min-height:300px;aspect-ratio:unset;\"><span aria-hidden=\"true\" class=\"wp-block-cover__background has-nv-site-bg-background-color has-background-dim-100 has-background-dim\"><\/span><div class=\"wp-block-cover__inner-container is-layout-flow wp-block-cover-is-layout-flow\">\n<div class=\"wp-block-group\"><div class=\"wp-block-group__inner-container is-layout-flow wp-block-group-is-layout-flow\">\n<h1 class=\"wp-block-heading has-text-align-left has-neve-text-color-color has-text-color\">Get in touch<\/h1>\n<\/div><\/div>\n<\/div><\/div>\n\n\n\n<div class=\"wp-block-cover alignfull is-light\" style=\"min-height:420px;aspect-ratio:unset;\"><span aria-hidden=\"true\" class=\"wp-block-cover__background has-background-dim-100 has-background-dim has-background-gradient has-cool-to-warm-spectrum-gradient-background\"><\/span><div class=\"wp-block-cover__inner-container is-layout-flow wp-block-cover-is-layout-flow\">\n<div style=\"height:80px\" aria-hidden=\"true\" class=\"wp-block-spacer\"><\/div>\n\n\n\n<div class=\"wp-block-columns is-layout-flex wp-container-core-columns-is-layout-9d6595d7 wp-block-columns-is-layout-flex\">\n<div class=\"wp-block-column ticss-4ce656f1 is-layout-flow wp-block-column-is-layout-flow\">\n<div class=\"wp-block-group has-nv-site-bg-background-color has-background\"><div class=\"wp-block-group__inner-container is-layout-flow wp-block-group-is-layout-flow\">\n<div style=\"height:24px\" aria-hidden=\"true\" class=\"wp-block-spacer\"><\/div>\n\n\n<div class=\"wp-block-image icon-style is-style-default\">\n<figure class=\"aligncenter size-large\"><img decoding=\"async\" width=\"63\" height=\"63\" src=\"https:\/\/www.wannagotravel.com\/wp-content\/uploads\/2021\/06\/phone-sm.png\" alt=\"\" class=\"wp-image-304\"\/><\/figure>\n<\/div>\n\n\n<div style=\"height:24px\" aria-hidden=\"true\" class=\"wp-block-spacer\"><\/div>\n\n\n\n<h3 class=\"wp-block-heading has-text-align-center has-neve-text-color-color has-text-color\">Call us<\/h3>\n\n\n\n<p class=\"has-text-align-center has-neve-text-color-color has-text-color\" style=\"font-size:15px\">+90 552 500 64 47 |   24\/7 ASSISTANCE<br>+90 552 600 64 47 |   24\/7 ASSISTANCE<br>+90 552 700 64 47 |   24\/7 ASSISTANCE<br>+90 552 800 64 47 |   24\/7 ASSISTANCE<\/p>\n\n\n\n<div style=\"height:53px\" aria-hidden=\"true\" class=\"wp-block-spacer\"><\/div>\n<\/div><\/div>\n<\/div>\n\n\n\n<div class=\"wp-block-column ticss-f6fc7494 is-layout-flow wp-block-column-is-layout-flow\">\n<div class=\"wp-block-group has-nv-site-bg-background-color has-background\"><div class=\"wp-block-group__inner-container is-layout-flow wp-block-group-is-layout-flow\">\n<div style=\"height:24px\" aria-hidden=\"true\" class=\"wp-block-spacer\"><\/div>\n\n\n<div class=\"wp-block-image icon-style is-style-default\">\n<figure class=\"aligncenter size-large\"><img decoding=\"async\" width=\"65\" height=\"65\" src=\"https:\/\/www.wannagotravel.com\/wp-content\/uploads\/2021\/06\/email-sm.png\" alt=\"\" class=\"wp-image-306\"\/><\/figure>\n<\/div>\n\n\n<div style=\"height:24px\" aria-hidden=\"true\" class=\"wp-block-spacer\"><\/div>\n\n\n\n<h3 class=\"wp-block-heading has-text-align-center has-neve-text-color-color has-text-color\">Email<\/h3>\n\n\n\n<p class=\"has-text-align-center has-neve-text-color-color has-text-color\" style=\"font-size:15px\"><a href=\"mailto:wannagotravelturkey@gmail.com\" target=\"_blank\" rel=\"noopener\" title=\"\">wannagotravelturkey@gmail.com<\/a><\/p>\n\n\n\n<div style=\"height:50px\" aria-hidden=\"true\" class=\"wp-block-spacer\"><\/div>\n<\/div><\/div>\n<\/div>\n\n\n\n<div class=\"wp-block-column ticss-a5b4df29 is-layout-flow wp-block-column-is-layout-flow\">\n<div class=\"wp-block-group has-nv-site-bg-background-color has-background\"><div class=\"wp-block-group__inner-container is-layout-flow wp-block-group-is-layout-flow\">\n<div style=\"height:24px\" aria-hidden=\"true\" class=\"wp-block-spacer\"><\/div>\n\n\n<div class=\"wp-block-image icon-style is-style-default\">\n<figure class=\"aligncenter size-large\"><img decoding=\"async\" src=\"https:\/\/www.wannagotravel.com\/wp-content\/uploads\/2021\/06\/location-sm.png\" alt=\"\" class=\"wp-image-305\"\/><\/figure>\n<\/div>\n\n\n<div style=\"height:24px\" aria-hidden=\"true\" class=\"wp-block-spacer\"><\/div>\n\n\n\n<h3 class=\"wp-block-heading has-text-align-center has-neve-text-color-color has-text-color\">Office<\/h3>\n\n\n\n<p class=\"has-text-align-center has-neve-text-color-color has-text-color\" style=\"font-size:15px\">\u0130n\u00f6n\u00fc, Cumhuriyet Cd. 63\/A, 34373 \u015ei\u015fli\/\u0130stanbul<\/p>\n\n\n\n<div style=\"height:24px\" aria-hidden=\"true\" class=\"wp-block-spacer\"><\/div>\n<\/div><\/div>\n<\/div>\n<\/div>\n\n\n\n<div style=\"height:30px\" aria-hidden=\"true\" class=\"wp-block-spacer\"><\/div>\n<\/div><\/div>\n\n\n\n<div style=\"height:10px\" aria-hidden=\"true\" class=\"wp-block-spacer\"><\/div>\n\n\n\n<div class=\"wp-block-cover alignfull is-light\"><span aria-hidden=\"true\" class=\"wp-block-cover__background has-background-dim-100 has-background-dim has-background-gradient has-luminous-dusk-gradient-background\"><\/span><div class=\"wp-block-cover__inner-container is-layout-constrained wp-block-cover-is-layout-constrained\">\n<div style=\"height:50px\" aria-hidden=\"true\" class=\"wp-block-spacer\"><\/div>\n\n\n\n<div class=\"wp-block-columns is-layout-flex wp-container-core-columns-is-layout-9d6595d7 wp-block-columns-is-layout-flex\">\n<div class=\"wp-block-column is-layout-flow wp-block-column-is-layout-flow\">\n<h2 class=\"wp-block-heading has-text-align-center\">+90 552 500 64 47<\/h2>\n\n\n\n<div style=\"height:50px\" aria-hidden=\"true\" class=\"wp-block-spacer\"><\/div>\n\n\n\n<div class=\"wp-block-outermost-icon-block items-justified-center\"><a class=\"icon-container\" href=\"https:\/\/wa.me\/905525006447?text=Hello%20there,%20I%20have%20a%20question%20regarding%20your%20services.\" style=\"width:100px\"><svg xmlns=\"http:\/\/www.w3.org\/2000\/svg\" xmlns-xlink=\"http:\/\/www.w3.org\/1999\/xlink\" width=\"500\" zoomandpan=\"magnify\" viewBox=\"0 0 375 374.999991\" height=\"500\" preserveAspectRatio=\"xMidYMid meet\" version=\"1.0\"><path fill=\"#52f271\" d=\"M 375 187.5 C 375 190.570312 374.925781 193.636719 374.773438 196.699219 C 374.625 199.765625 374.398438 202.824219 374.097656 205.878906 C 373.796875 208.933594 373.421875 211.976562 372.96875 215.011719 C 372.519531 218.046875 371.996094 221.070312 371.398438 224.078125 C 370.796875 227.089844 370.125 230.082031 369.378906 233.058594 C 368.636719 236.035156 367.816406 238.992188 366.925781 241.929688 C 366.035156 244.863281 365.074219 247.777344 364.039062 250.667969 C 363.003906 253.554688 361.902344 256.417969 360.726562 259.253906 C 359.554688 262.089844 358.308594 264.890625 356.996094 267.667969 C 355.6875 270.441406 354.308594 273.179688 352.859375 275.886719 C 351.414062 278.59375 349.902344 281.261719 348.324219 283.894531 C 346.746094 286.527344 345.105469 289.117188 343.402344 291.667969 C 341.695312 294.222656 339.929688 296.730469 338.101562 299.195312 C 336.273438 301.660156 334.386719 304.078125 332.4375 306.449219 C 330.492188 308.820312 328.488281 311.144531 326.429688 313.417969 C 324.367188 315.691406 322.253906 317.914062 320.082031 320.082031 C 317.914062 322.253906 315.691406 324.367188 313.417969 326.429688 C 311.144531 328.488281 308.820312 330.492188 306.449219 332.4375 C 304.078125 334.386719 301.660156 336.273438 299.195312 338.101562 C 296.730469 339.929688 294.222656 341.695312 291.667969 343.402344 C 289.117188 345.105469 286.527344 346.746094 283.894531 348.324219 C 281.261719 349.902344 278.59375 351.414062 275.886719 352.859375 C 273.179688 354.308594 270.441406 355.6875 267.667969 356.996094 C 264.890625 358.308594 262.089844 359.554688 259.253906 360.726562 C 256.417969 361.902344 253.554688 363.003906 250.667969 364.039062 C 247.777344 365.074219 244.863281 366.035156 241.929688 366.925781 C 238.992188 367.816406 236.035156 368.636719 233.058594 369.378906 C 230.082031 370.125 227.089844 370.796875 224.078125 371.398438 C 221.070312 371.996094 218.046875 372.519531 215.011719 372.96875 C 211.976562 373.421875 208.933594 373.796875 205.878906 374.097656 C 202.824219 374.398438 199.765625 374.625 196.699219 374.773438 C 193.636719 374.925781 190.570312 375 187.5 375 C 184.429688 375 181.363281 374.925781 178.300781 374.773438 C 175.234375 374.625 172.175781 374.398438 169.121094 374.097656 C 166.066406 373.796875 163.023438 373.421875 159.988281 372.96875 C 156.953125 372.519531 153.929688 371.996094 150.921875 371.398438 C 147.910156 370.796875 144.917969 370.125 141.941406 369.378906 C 138.964844 368.636719 136.007812 367.816406 133.070312 366.925781 C 130.136719 366.035156 127.222656 365.074219 124.332031 364.039062 C 121.445312 363.003906 118.582031 361.902344 115.746094 360.726562 C 112.910156 359.554688 110.105469 358.308594 107.332031 356.996094 C 104.558594 355.6875 101.820312 354.308594 99.113281 352.859375 C 96.40625 351.414062 93.738281 349.902344 91.105469 348.324219 C 88.472656 346.746094 85.882812 345.105469 83.332031 343.402344 C 80.777344 341.695312 78.269531 339.929688 75.804688 338.101562 C 73.339844 336.273438 70.921875 334.386719 68.550781 332.4375 C 66.179688 330.492188 63.855469 328.488281 61.582031 326.429688 C 59.308594 324.367188 57.085938 322.253906 54.917969 320.082031 C 52.746094 317.914062 50.632812 315.691406 48.570312 313.417969 C 46.511719 311.144531 44.507812 308.820312 42.558594 306.449219 C 40.613281 304.078125 38.726562 301.660156 36.898438 299.195312 C 35.070312 296.730469 33.304688 294.222656 31.597656 291.667969 C 29.894531 289.117188 28.253906 286.527344 26.675781 283.894531 C 25.097656 281.261719 23.585938 278.59375 22.140625 275.886719 C 20.691406 273.179688 19.3125 270.441406 18.003906 267.667969 C 16.691406 264.890625 15.445312 262.089844 14.273438 259.253906 C 13.097656 256.417969 11.996094 253.554688 10.960938 250.667969 C 9.925781 247.777344 8.964844 244.863281 8.074219 241.929688 C 7.183594 238.992188 6.363281 236.035156 5.617188 233.058594 C 4.875 230.082031 4.203125 227.089844 3.601562 224.078125 C 3.003906 221.070312 2.480469 218.046875 2.03125 215.011719 C 1.578125 211.976562 1.203125 208.933594 0.902344 205.878906 C 0.601562 202.824219 0.375 199.765625 0.226562 196.699219 C 0.0742188 193.636719 0 190.570312 0 187.5 C 0 184.429688 0.0742188 181.363281 0.226562 178.300781 C 0.375 175.234375 0.601562 172.175781 0.902344 169.121094 C 1.203125 166.066406 1.578125 163.023438 2.03125 159.988281 C 2.480469 156.953125 3.003906 153.929688 3.601562 150.921875 C 4.203125 147.910156 4.875 144.917969 5.617188 141.941406 C 6.363281 138.964844 7.183594 136.007812 8.074219 133.070312 C 8.964844 130.136719 9.925781 127.222656 10.960938 124.332031 C 11.996094 121.445312 13.097656 118.582031 14.273438 115.746094 C 15.445312 112.910156 16.691406 110.105469 18.003906 107.332031 C 19.3125 104.558594 20.691406 101.820312 22.140625 99.113281 C 23.585938 96.40625 25.097656 93.738281 26.675781 91.105469 C 28.253906 88.472656 29.894531 85.882812 31.597656 83.332031 C 33.304688 80.777344 35.070312 78.269531 36.898438 75.804688 C 38.726562 73.339844 40.613281 70.921875 42.558594 68.550781 C 44.507812 66.179688 46.511719 63.855469 48.570312 61.582031 C 50.632812 59.308594 52.746094 57.085938 54.917969 54.917969 C 57.085938 52.746094 59.308594 50.632812 61.582031 48.570312 C 63.855469 46.511719 66.179688 44.507812 68.550781 42.5625 C 70.921875 40.613281 73.339844 38.726562 75.804688 36.898438 C 78.269531 35.070312 80.777344 33.304688 83.332031 31.597656 C 85.882812 29.894531 88.472656 28.253906 91.105469 26.675781 C 93.738281 25.097656 96.40625 23.585938 99.113281 22.140625 C 101.820312 20.691406 104.558594 19.3125 107.332031 18.003906 C 110.105469 16.691406 112.910156 15.445312 115.746094 14.273438 C 118.582031 13.097656 121.445312 11.996094 124.332031 10.960938 C 127.222656 9.925781 130.136719 8.964844 133.070312 8.074219 C 136.007812 7.183594 138.964844 6.363281 141.941406 5.621094 C 144.917969 4.875 147.910156 4.203125 150.921875 3.601562 C 153.929688 3.003906 156.953125 2.480469 159.988281 2.03125 C 163.023438 1.578125 166.066406 1.203125 169.121094 0.902344 C 172.175781 0.601562 175.234375 0.375 178.300781 0.226562 C 181.363281 0.0742188 184.429688 0 187.5 0 C 190.570312 0 193.636719 0.0742188 196.699219 0.226562 C 199.765625 0.375 202.824219 0.601562 205.878906 0.902344 C 208.933594 1.203125 211.976562 1.578125 215.011719 2.03125 C 218.046875 2.480469 221.070312 3.003906 224.078125 3.601562 C 227.089844 4.203125 230.082031 4.875 233.058594 5.617188 C 236.035156 6.363281 238.992188 7.183594 241.929688 8.074219 C 244.863281 8.964844 247.777344 9.925781 250.667969 10.960938 C 253.554688 11.996094 256.417969 13.097656 259.253906 14.273438 C 262.089844 15.445312 264.890625 16.691406 267.667969 18.003906 C 270.441406 19.3125 273.179688 20.691406 275.886719 22.140625 C 278.59375 23.585938 281.261719 25.097656 283.894531 26.675781 C 286.527344 28.253906 289.117188 29.894531 291.667969 31.597656 C 294.222656 33.304688 296.730469 35.070312 299.195312 36.898438 C 301.660156 38.726562 304.078125 40.613281 306.449219 42.5625 C 308.820312 44.507812 311.144531 46.511719 313.417969 48.570312 C 315.691406 50.632812 317.914062 52.746094 320.082031 54.917969 C 322.253906 57.085938 324.367188 59.308594 326.429688 61.582031 C 328.488281 63.855469 330.492188 66.179688 332.4375 68.550781 C 334.386719 70.921875 336.273438 73.339844 338.101562 75.804688 C 339.929688 78.269531 341.695312 80.777344 343.402344 83.332031 C 345.105469 85.882812 346.746094 88.472656 348.324219 91.105469 C 349.902344 93.738281 351.414062 96.40625 352.859375 99.113281 C 354.308594 101.820312 355.6875 104.558594 356.996094 107.332031 C 358.308594 110.105469 359.554688 112.910156 360.726562 115.746094 C 361.902344 118.582031 363.003906 121.445312 364.039062 124.332031 C 365.074219 127.222656 366.035156 130.136719 366.925781 133.070312 C 367.816406 136.007812 368.636719 138.964844 369.378906 141.941406 C 370.125 144.917969 370.796875 147.910156 371.398438 150.921875 C 371.996094 153.929688 372.519531 156.953125 372.96875 159.988281 C 373.421875 163.023438 373.796875 166.066406 374.097656 169.121094 C 374.398438 172.175781 374.625 175.234375 374.773438 178.300781 C 374.925781 181.363281 375 184.429688 375 187.5 Z M 375 187.5 \" fill-opacity=\"1\" fill-rule=\"nonzero\"><\/path><path fill=\"#ffffff\" d=\"M 290.578125 142.765625 C 289.808594 140.953125 288.996094 139.160156 288.136719 137.390625 C 287.277344 135.617188 286.371094 133.871094 285.421875 132.148438 C 284.46875 130.425781 283.476562 128.726562 282.4375 127.054688 C 281.398438 125.382812 280.316406 123.738281 279.191406 122.125 C 278.066406 120.507812 276.898438 118.925781 275.691406 117.371094 C 274.484375 115.816406 273.238281 114.292969 271.949219 112.804688 C 270.664062 111.316406 269.339844 109.859375 267.976562 108.4375 C 266.613281 107.019531 265.214844 105.632812 263.78125 104.285156 C 262.34375 102.9375 260.875 101.628906 259.375 100.359375 C 257.871094 99.089844 256.335938 97.855469 254.769531 96.664062 C 253.199219 95.476562 251.605469 94.324219 249.976562 93.21875 C 248.351562 92.109375 246.695312 91.042969 245.011719 90.023438 C 243.332031 89 241.621094 88.023438 239.890625 87.09375 C 238.15625 86.160156 236.398438 85.273438 234.621094 84.429688 C 232.839844 83.589844 231.039062 82.796875 229.21875 82.046875 C 227.398438 81.300781 225.558594 80.601562 223.699219 79.949219 C 221.84375 79.300781 219.96875 78.695312 218.082031 78.144531 C 216.191406 77.589844 214.289062 77.085938 212.375 76.628906 C 210.460938 76.175781 208.535156 75.769531 206.597656 75.414062 C 204.664062 75.0625 202.71875 74.757812 200.765625 74.503906 C 198.8125 74.25 196.855469 74.050781 194.894531 73.898438 C 192.933594 73.746094 190.964844 73.648438 189 73.597656 C 187.03125 73.550781 185.0625 73.550781 183.097656 73.605469 C 181.128906 73.660156 179.164062 73.765625 177.199219 73.921875 C 175.238281 74.078125 173.28125 74.285156 171.332031 74.542969 C 169.378906 74.800781 167.4375 75.109375 165.5 75.46875 C 163.566406 75.828125 161.640625 76.238281 159.726562 76.699219 C 157.8125 77.15625 155.914062 77.667969 154.023438 78.226562 C 152.136719 78.785156 150.265625 79.390625 148.410156 80.046875 C 146.554688 80.703125 144.71875 81.410156 142.898438 82.160156 C 141.078125 82.914062 139.28125 83.710938 137.503906 84.558594 C 135.726562 85.402344 133.972656 86.292969 132.242188 87.230469 C 130.511719 88.167969 128.804688 89.148438 127.125 90.175781 C 125.445312 91.203125 123.792969 92.269531 122.167969 93.382812 C 120.542969 94.496094 118.949219 95.648438 117.386719 96.84375 C 115.824219 98.039062 114.289062 99.273438 112.792969 100.550781 C 111.292969 101.824219 109.824219 103.136719 108.394531 104.488281 C 106.964844 105.839844 105.570312 107.226562 104.210938 108.652344 C 102.851562 110.074219 101.53125 111.535156 100.246094 113.027344 C 98.964844 114.519531 97.722656 116.046875 96.515625 117.601562 C 95.3125 119.160156 94.152344 120.75 93.03125 122.367188 C 91.910156 123.984375 90.832031 125.628906 89.796875 127.304688 C 88.761719 128.980469 87.773438 130.679688 86.824219 132.40625 C 85.878906 134.132812 84.980469 135.878906 84.125 137.652344 C 83.269531 139.425781 82.460938 141.21875 81.699219 143.035156 C 80.9375 144.851562 80.222656 146.683594 79.554688 148.535156 C 78.890625 150.386719 78.273438 152.257812 77.703125 154.140625 C 77.136719 156.027344 76.617188 157.921875 76.144531 159.835938 C 75.675781 161.746094 75.257812 163.667969 74.886719 165.601562 C 74.515625 167.535156 74.199219 169.476562 73.929688 171.425781 C 73.660156 173.378906 73.441406 175.332031 73.277344 177.292969 C 73.109375 179.253906 72.996094 181.21875 72.929688 183.1875 C 72.867188 185.152344 72.851562 187.121094 72.890625 189.089844 C 72.929688 191.058594 73.019531 193.023438 73.160156 194.988281 C 73.300781 196.949219 73.492188 198.910156 73.734375 200.863281 C 73.976562 202.816406 74.269531 204.761719 74.613281 206.699219 C 74.957031 208.636719 75.351562 210.566406 75.796875 212.480469 C 76.242188 214.398438 76.734375 216.304688 77.28125 218.195312 C 77.824219 220.089844 78.417969 221.964844 79.058594 223.824219 C 79.699219 225.6875 80.390625 227.527344 81.125 229.355469 C 81.863281 231.179688 82.648438 232.984375 83.480469 234.765625 C 84.3125 236.550781 85.1875 238.3125 86.113281 240.050781 C 87.035156 241.789062 88.003906 243.503906 89.015625 245.191406 C 90.03125 246.878906 91.085938 248.539062 92.183594 250.171875 L 73.023438 307.464844 C 72.851562 307.972656 72.816406 308.488281 72.921875 309.015625 C 73.03125 309.542969 73.261719 310.007812 73.617188 310.40625 C 73.972656 310.808594 74.40625 311.09375 74.914062 311.265625 C 75.421875 311.433594 75.941406 311.464844 76.464844 311.355469 L 116.519531 303.203125 L 154.066406 295.5625 C 156.625 296.316406 159.207031 296.980469 161.808594 297.550781 C 164.414062 298.121094 167.035156 298.601562 169.671875 298.988281 C 172.308594 299.375 174.957031 299.667969 177.613281 299.867188 C 180.273438 300.066406 182.933594 300.171875 185.601562 300.183594 C 188.265625 300.195312 190.929688 300.113281 193.589844 299.9375 C 196.25 299.761719 198.898438 299.492188 201.539062 299.128906 C 204.179688 298.765625 206.804688 298.308594 209.414062 297.761719 C 212.023438 297.214844 214.609375 296.574219 217.171875 295.84375 C 219.738281 295.113281 222.273438 294.292969 224.777344 293.382812 C 227.285156 292.476562 229.753906 291.480469 232.191406 290.394531 C 234.625 289.3125 237.019531 288.144531 239.375 286.890625 C 241.726562 285.640625 244.03125 284.304688 246.292969 282.890625 C 248.550781 281.476562 250.757812 279.980469 252.910156 278.410156 C 255.066406 276.839844 257.160156 275.195312 259.199219 273.476562 C 261.234375 271.757812 263.210938 269.96875 265.121094 268.113281 C 267.035156 266.253906 268.878906 264.332031 270.652344 262.34375 C 272.429688 260.355469 274.132812 258.308594 275.765625 256.199219 C 277.398438 254.089844 278.953125 251.929688 280.429688 249.710938 C 281.910156 247.492188 283.308594 245.226562 284.628906 242.910156 C 285.945312 240.59375 287.183594 238.230469 288.335938 235.828125 C 289.488281 233.425781 290.554688 230.984375 291.535156 228.503906 C 292.515625 226.027344 293.40625 223.515625 294.210938 220.972656 C 295.015625 218.429688 295.726562 215.863281 296.347656 213.273438 C 296.972656 210.679688 297.5 208.070312 297.9375 205.441406 C 298.378906 202.8125 298.722656 200.167969 298.972656 197.515625 C 299.226562 194.859375 299.382812 192.203125 299.449219 189.535156 C 299.511719 186.871094 299.480469 184.207031 299.359375 181.546875 C 299.234375 178.882812 299.015625 176.226562 298.707031 173.578125 C 298.394531 170.933594 297.992188 168.296875 297.496094 165.679688 C 296.996094 163.0625 296.410156 160.460938 295.730469 157.886719 C 295.050781 155.308594 294.28125 152.757812 293.417969 150.234375 C 292.558594 147.710938 291.613281 145.222656 290.578125 142.765625 Z M 186.175781 294.175781 C 175.585938 294.1875 165.21875 292.660156 155.078125 289.601562 C 154.59375 289.457031 154.105469 289.433594 153.609375 289.53125 L 115.328125 297.324219 L 80.363281 304.441406 L 98.351562 250.660156 C 98.5 250.210938 98.542969 249.75 98.472656 249.28125 C 98.40625 248.8125 98.238281 248.386719 97.96875 247.996094 C 94.867188 243.539062 92.121094 238.871094 89.734375 233.992188 C 87.347656 229.113281 85.34375 224.085938 83.722656 218.902344 C 82.101562 213.71875 80.886719 208.441406 80.070312 203.070312 C 79.257812 197.703125 78.855469 192.300781 78.867188 186.871094 C 78.867188 127.699219 127.003906 79.558594 186.175781 79.558594 C 245.347656 79.558594 293.480469 127.699219 293.480469 186.871094 C 293.480469 246.042969 245.34375 294.175781 186.175781 294.175781 Z M 186.175781 294.175781 \" fill-opacity=\"1\" fill-rule=\"nonzero\"><\/path><path fill=\"#ffffff\" d=\"M 244.875 229.128906 C 244.824219 229.925781 244.679688 230.707031 244.445312 231.472656 C 244.207031 232.234375 243.886719 232.960938 243.476562 233.648438 C 243.070312 234.335938 242.585938 234.96875 242.03125 235.539062 C 241.472656 236.113281 240.855469 236.613281 240.179688 237.042969 C 240.015625 237.148438 239.851562 237.25 239.6875 237.351562 L 213.820312 211.488281 L 215.382812 210.085938 C 215.832031 209.683594 216.3125 209.328125 216.828125 209.011719 C 217.34375 208.695312 217.882812 208.429688 218.445312 208.210938 C 219.007812 207.992188 219.585938 207.824219 220.179688 207.707031 C 220.769531 207.59375 221.367188 207.53125 221.972656 207.523438 C 222.574219 207.515625 223.175781 207.558594 223.769531 207.660156 C 224.367188 207.757812 224.949219 207.910156 225.515625 208.113281 C 226.085938 208.316406 226.628906 208.570312 227.152344 208.871094 C 227.675781 209.171875 228.167969 209.515625 228.628906 209.90625 L 241.316406 220.691406 C 241.925781 221.203125 242.464844 221.78125 242.9375 222.421875 C 243.410156 223.0625 243.800781 223.75 244.109375 224.480469 C 244.417969 225.214844 244.636719 225.976562 244.769531 226.761719 C 244.898438 227.546875 244.933594 228.335938 244.875 229.128906 Z M 244.875 229.128906 \" fill-opacity=\"1\" fill-rule=\"nonzero\"><\/path><path fill=\"#ffffff\" d=\"M 236.09375 240.078125 C 221.332031 249.296875 205.210938 250.351562 188.160156 243.207031 C 180.035156 239.75 172.710938 235.050781 166.1875 229.101562 C 125.84375 187.953125 129.605469 160.078125 139.660156 144.039062 L 162.949219 167.332031 C 161.84375 168.8125 160.953125 170.414062 160.277344 172.136719 C 159.601562 173.855469 159.167969 175.636719 158.972656 177.476562 C 158.78125 179.3125 158.832031 181.144531 159.132812 182.96875 C 159.433594 184.792969 159.96875 186.546875 160.742188 188.226562 C 167.484375 202.820312 179.429688 211.910156 188.261719 216.960938 C 189.097656 217.441406 189.964844 217.851562 190.867188 218.195312 C 191.765625 218.535156 192.6875 218.808594 193.632812 219.003906 C 194.574219 219.203125 195.527344 219.324219 196.488281 219.375 C 197.453125 219.421875 198.414062 219.394531 199.371094 219.292969 C 200.328125 219.1875 201.273438 219.011719 202.203125 218.761719 C 203.132812 218.511719 204.039062 218.1875 204.917969 217.796875 C 205.796875 217.402344 206.640625 216.941406 207.449219 216.417969 C 208.257812 215.890625 209.019531 215.304688 209.734375 214.660156 L 210.226562 214.214844 Z M 236.09375 240.078125 \" fill-opacity=\"1\" fill-rule=\"nonzero\"><\/path><path fill=\"#ffffff\" d=\"M 169.539062 160.21875 C 168.328125 161.234375 167.246094 162.378906 166.300781 163.644531 L 143.011719 140.355469 C 144.871094 137.40625 147.015625 134.683594 149.449219 132.1875 C 150.257812 131.359375 151.199219 130.734375 152.273438 130.316406 C 153.351562 129.898438 154.464844 129.71875 155.621094 129.785156 C 156.785156 129.847656 157.886719 130.152344 158.921875 130.695312 C 159.957031 131.238281 160.832031 131.96875 161.550781 132.890625 L 171.140625 145.222656 C 171.570312 145.773438 171.945312 146.355469 172.261719 146.976562 C 172.578125 147.597656 172.832031 148.246094 173.023438 148.914062 C 173.214844 149.585938 173.34375 150.269531 173.402344 150.964844 C 173.460938 151.65625 173.457031 152.351562 173.382812 153.046875 C 173.308594 153.738281 173.167969 154.417969 172.960938 155.085938 C 172.757812 155.75 172.488281 156.390625 172.160156 157.007812 C 171.832031 157.621094 171.445312 158.199219 171.007812 158.738281 C 170.566406 159.28125 170.078125 159.773438 169.539062 160.21875 Z M 169.539062 160.21875 \" fill-opacity=\"1\" fill-rule=\"nonzero\"><\/path><\/svg><\/a><\/div>\n<\/div>\n<\/div>\n\n\n\n<div style=\"height:20px\" aria-hidden=\"true\" class=\"wp-block-spacer\"><\/div>\n<\/div><\/div>\n","protected":false},"excerpt":{"rendered":"","protected":false},"author":1,"featured_media":0,"parent":0,"menu_order":0,"comment_status":"closed","ping_status":"closed","template":"","meta":{"neve_meta_sidebar":"default","neve_meta_container":"","neve_meta_enable_content_width":"on","neve_meta_content_width":100,"neve_meta_title_alignment":"","neve_meta_author_avatar":"","neve_post_elements_order":"","neve_meta_disable_header":"","neve_meta_disable_footer":"","neve_meta_disable_title":"on","_themeisle_gutenberg_block_has_review":false,"footnotes":""},"class_list":["post-75","page","type-page","status-publish","hentry"],"aioseo_notices":[],"_links":{"self":[{"href":"https:\/\/www.wannagotravel.com\/index.php?rest_route=\/wp\/v2\/pages\/75","targetHints":{"allow":["GET"]}}],"collection":[{"href":"https:\/\/www.wannagotravel.com\/index.php?rest_route=\/wp\/v2\/pages"}],"about":[{"href":"https:\/\/www.wannagotravel.com\/index.php?rest_route=\/wp\/v2\/types\/page"}],"author":[{"embeddable":true,"href":"https:\/\/www.wannagotravel.com\/index.php?rest_route=\/wp\/v2\/users\/1"}],"replies":[{"embeddable":true,"href":"https:\/\/www.wannagotravel.com\/index.php?rest_route=%2Fwp%2Fv2%2Fcomments&post=75"}],"version-history":[{"count":7,"href":"https:\/\/www.wannagotravel.com\/index.php?rest_route=\/wp\/v2\/pages\/75\/revisions"}],"predecessor-version":[{"id":981,"href":"https:\/\/www.wannagotravel.com\/index.php?rest_route=\/wp\/v2\/pages\/75\/revisions\/981"}],"wp:attachment":[{"href":"https:\/\/www.wannagotravel.com\/index.php?rest_route=%2Fwp%2Fv2%2Fmedia&parent=75"}],"curies":[{"name":"wp","href":"https:\/\/api.w.org\/{rel}","templated":true}]}}